{"id":72,"date":"2021-07-15T07:29:55","date_gmt":"2021-07-15T07:29:55","guid":{"rendered":"https:\/\/redbiocom.webs.upv.es\/?page_id=72"},"modified":"2021-07-15T07:57:16","modified_gmt":"2021-07-15T07:57:16","slug":"isbbc17-talks-and-slides","status":"publish","type":"page","link":"https:\/\/redbiocom.webs.upv.es\/index.php\/isbbc17-talks-and-slides\/","title":{"rendered":"ISBBC17 Talks and slides"},"content":{"rendered":"<p><strong>Networks of Bio-inspired Processors<\/strong><\/p>\n<ul>\n<li style=\"list-style-type: none;\">\n<ul>\n<li><a href=\"https:\/\/redbiocom.webs.upv.es\/wp-content\/uploads\/2021\/07\/ISBBC17NBPs.pdf\">An introduction to Networks of Bio-inspired Processors <\/a> (Jos\u00e9 M. Sempere, UPV)<\/li>\n<li><a href=\"https:\/\/redbiocom.webs.upv.es\/wp-content\/uploads\/2021\/07\/ISBBC17NGPLanguage.pdf\">Networks of Genetic Processors as language generators<\/a>\u00a0(Marcelino Campos, UPV)<\/li>\n<li><a href=\"https:\/\/redbiocom.webs.upv.es\/wp-content\/uploads\/2021\/07\/ISBBC17NEPO.pdf\">Networks of Evolutionary Processors for Optimization <\/a>(Jos\u00e9 Ram\u00f3n S\u00e1nchez, UPM)<\/li>\n<li><a href=\"https:\/\/redbiocom.webs.upv.es\/wp-content\/uploads\/2021\/07\/ISBBC17NEPWP.pdf\">Networks of Evolutionary Processors: Words and Pictures <\/a>(Sandra G\u00f3mez and Fernando Arroyo, UPM)<\/li>\n<\/ul>\n<\/li>\n<\/ul>\n<p><strong>Membrane Computing<\/strong><\/p>\n<ul>\n<li style=\"list-style-type: none;\">\n<ul>\n<li><a href=\"https:\/\/redbiocom.webs.upv.es\/wp-content\/uploads\/2021\/07\/ISBBC17introMC.pdf\">An introduction to membrane computing<\/a>\u00a0(Agust\u00edn Riscos, US)<\/li>\n<li><a href=\"https:\/\/redbiocom.webs.upv.es\/wp-content\/uploads\/2021\/07\/ISBBC17MCPvsNP.pdf\">New techniques to address the problem P vs. NP<\/a>\u00a0(Agust\u00edn Riscos, US)<\/li>\n<li><a href=\"https:\/\/redbiocom.webs.upv.es\/wp-content\/uploads\/2021\/07\/ISBBC17MCModeling.pdf\">P Systems as a computational modeling framework<\/a>\u00a0(Agust\u00edn Riscos, US)<\/li>\n<li><a href=\"https:\/\/redbiocom.webs.upv.es\/wp-content\/uploads\/2021\/07\/ISBBC17MCFuzzy.pdf\">P Systems with fuzzy ingredients: definitions and applications<\/a>\u00a0(\u00c1lvaro Romero, US)<\/li>\n<\/ul>\n<\/li>\n<\/ul>\n<p><strong>Synthetic and Systems Biology<\/strong><\/p>\n<ul>\n<li style=\"list-style-type: none;\">\n<ul>\n<li><a href=\"https:\/\/redbiocom.webs.upv.es\/wp-content\/uploads\/2021\/07\/ISBBC17SyntheticBiology.pdf\">Synthetic Biology for computer scientists in two hours<\/a>\u00a0(Alfonso Rodr\u00edguez-Pat\u00f3n, UPM)<\/li>\n<li><a href=\"https:\/\/redbiocom.webs.upv.es\/wp-content\/uploads\/2021\/07\/ISBBC17SBMetabolic.pdf\">Synthetic Biology and Metabolic Engineering<\/a>\u00a0(Javier Urchuegu\u00eda, UPV)<\/li>\n<li><a href=\"https:\/\/redbiocom.webs.upv.es\/wp-content\/uploads\/2021\/07\/ISBBC17SBGraph.pdf\">Graph comparison applications in Systems Biology<\/a>\u00a0(Merc\u00e8 Llabr\u00e9s, UIB)<\/li>\n<\/ul>\n<\/li>\n<\/ul>\n\n\n<p><\/p>\n","protected":false},"excerpt":{"rendered":"<p>Networks of Bio-inspired Processors An introduction to Networks of Bio-inspired Processors (Jos\u00e9 M. Sempere, UPV) Networks of Genetic Processors as language generators\u00a0(Marcelino Campos, UPV) Networks of Evolutionary Processors for Optimization (Jos\u00e9 Ram\u00f3n S\u00e1nchez, UPM) Networks of Evolutionary Processors: Words and &hellip; <a href=\"https:\/\/redbiocom.webs.upv.es\/index.php\/isbbc17-talks-and-slides\/\">Continue reading <span class=\"meta-nav\">&rarr;<\/span><\/a><\/p>\n","protected":false},"author":1,"featured_media":0,"parent":0,"menu_order":0,"comment_status":"closed","ping_status":"closed","template":"","meta":{"footnotes":""},"class_list":["post-72","page","type-page","status-publish","hentry"],"_links":{"self":[{"href":"https:\/\/redbiocom.webs.upv.es\/index.php\/wp-json\/wp\/v2\/pages\/72","targetHints":{"allow":["GET"]}}],"collection":[{"href":"https:\/\/redbiocom.webs.upv.es\/index.php\/wp-json\/wp\/v2\/pages"}],"about":[{"href":"https:\/\/redbiocom.webs.upv.es\/index.php\/wp-json\/wp\/v2\/types\/page"}],"author":[{"embeddable":true,"href":"https:\/\/redbiocom.webs.upv.es\/index.php\/wp-json\/wp\/v2\/users\/1"}],"replies":[{"embeddable":true,"href":"https:\/\/redbiocom.webs.upv.es\/index.php\/wp-json\/wp\/v2\/comments?post=72"}],"version-history":[{"count":9,"href":"https:\/\/redbiocom.webs.upv.es\/index.php\/wp-json\/wp\/v2\/pages\/72\/revisions"}],"predecessor-version":[{"id":97,"href":"https:\/\/redbiocom.webs.upv.es\/index.php\/wp-json\/wp\/v2\/pages\/72\/revisions\/97"}],"wp:attachment":[{"href":"https:\/\/redbiocom.webs.upv.es\/index.php\/wp-json\/wp\/v2\/media?parent=72"}],"curies":[{"name":"wp","href":"https:\/\/api.w.org\/{rel}","templated":true}]}}