{"id":29,"date":"2021-07-14T08:05:34","date_gmt":"2021-07-14T08:05:34","guid":{"rendered":"https:\/\/redbiocom.webs.upv.es\/?page_id=29"},"modified":"2021-07-15T07:20:28","modified_gmt":"2021-07-15T07:20:28","slug":"groups","status":"publish","type":"page","link":"https:\/\/redbiocom.webs.upv.es\/index.php\/groups\/","title":{"rendered":"Research Groups"},"content":{"rendered":"\n<ul class=\"wp-block-list\"><li><a rel=\"noreferrer noopener\" href=\"http:\/\/bioinfo.uib.es\/\" target=\"_blank\"><b>Computational Biology and Bioinformatics at the UIB<\/b><\/a>&nbsp;<ul>Contact:&nbsp;<a href=\"mailto:frossello@mac.com\">Francesc Rossell\u00f3<\/a><\/ul><\/li><\/ul>\n\n\n\n<ul class=\"wp-block-list\"><li><a rel=\"noreferrer noopener\" href=\"http:\/\/www.gcn.us.es\/\" target=\"_blank\"><b>Natural Computing at the US<\/b><\/a>&nbsp;<ul>Contact:&nbsp;<a href=\"mailto:ariscosn@us.es\">Agust\u00edn Riscos-N\u00fa\u00f1ez<\/a><\/ul><\/li><\/ul>\n\n\n\n<ul class=\"wp-block-list\"><li><a rel=\"noreferrer noopener\" href=\"http:\/\/www.gcn.upm.es\/\" target=\"_blank\"><b>Natural Computing at the UPM<\/b><\/a><ul>Contact:&nbsp;<a href=\"mailto:lfmingo@gmail.com\">Luis Fernando de Mingo L\u00f3pez<\/a><\/ul><\/li><\/ul>\n\n\n\n<ul class=\"wp-block-list\"><li><b>Mathematical Models and Biocomputing Algorithms at the UPM<\/b><ul>Contact:&nbsp;<a href=\"mailto:farroyo@eui.upm.es\">Fernando Arroyo<\/a><\/ul><\/li><\/ul>\n\n\n\n<ul class=\"wp-block-list\"><li><a rel=\"noreferrer noopener\" href=\"http:\/\/www.lia.upm.es\/\" target=\"_blank\"><b>The Artificial Intelligence Lab at the UPM<\/b><\/a>&nbsp;<ul>Contact:&nbsp;<a href=\"mailto:arpaton@fi.upm.es\">Alfonso Rodr\u00edguez-Pat\u00f3n<\/a><\/ul><\/li><\/ul>\n\n\n\n<ul class=\"wp-block-list\"><li><a rel=\"noreferrer noopener\" href=\"http:\/\/alfa.upv.es\/\" target=\"_blank\"><b>Automata, Formal Languages and their Applications at the UPV<\/b><\/a>&nbsp;<ul>Contact:&nbsp;<a href=\"mailto:jsempere@dsic.upv.es\">Jos\u00e9 M. Sempere<\/a><\/ul><\/li><\/ul>\n","protected":false},"excerpt":{"rendered":"<p>Computational Biology and Bioinformatics at the UIB&nbsp; Contact:&nbsp;Francesc Rossell\u00f3 Natural Computing at the US&nbsp; Contact:&nbsp;Agust\u00edn Riscos-N\u00fa\u00f1ez Natural Computing at the UPM Contact:&nbsp;Luis Fernando de Mingo L\u00f3pez Mathematical Models and Biocomputing Algorithms at the UPM Contact:&nbsp;Fernando Arroyo The Artificial Intelligence Lab &hellip; <a href=\"https:\/\/redbiocom.webs.upv.es\/index.php\/groups\/\">Continue reading <span class=\"meta-nav\">&rarr;<\/span><\/a><\/p>\n","protected":false},"author":1,"featured_media":0,"parent":0,"menu_order":0,"comment_status":"closed","ping_status":"closed","template":"","meta":{"footnotes":""},"class_list":["post-29","page","type-page","status-publish","hentry"],"_links":{"self":[{"href":"https:\/\/redbiocom.webs.upv.es\/index.php\/wp-json\/wp\/v2\/pages\/29","targetHints":{"allow":["GET"]}}],"collection":[{"href":"https:\/\/redbiocom.webs.upv.es\/index.php\/wp-json\/wp\/v2\/pages"}],"about":[{"href":"https:\/\/redbiocom.webs.upv.es\/index.php\/wp-json\/wp\/v2\/types\/page"}],"author":[{"embeddable":true,"href":"https:\/\/redbiocom.webs.upv.es\/index.php\/wp-json\/wp\/v2\/users\/1"}],"replies":[{"embeddable":true,"href":"https:\/\/redbiocom.webs.upv.es\/index.php\/wp-json\/wp\/v2\/comments?post=29"}],"version-history":[{"count":12,"href":"https:\/\/redbiocom.webs.upv.es\/index.php\/wp-json\/wp\/v2\/pages\/29\/revisions"}],"predecessor-version":[{"id":71,"href":"https:\/\/redbiocom.webs.upv.es\/index.php\/wp-json\/wp\/v2\/pages\/29\/revisions\/71"}],"wp:attachment":[{"href":"https:\/\/redbiocom.webs.upv.es\/index.php\/wp-json\/wp\/v2\/media?parent=29"}],"curies":[{"name":"wp","href":"https:\/\/api.w.org\/{rel}","templated":true}]}}