{"id":133,"date":"2021-07-26T08:46:51","date_gmt":"2021-07-26T08:46:51","guid":{"rendered":"https:\/\/redbiocom.webs.upv.es\/?page_id=133"},"modified":"2021-07-26T09:32:52","modified_gmt":"2021-07-26T09:32:52","slug":"isbbc11-talks-and-slides","status":"publish","type":"page","link":"https:\/\/redbiocom.webs.upv.es\/index.php\/isbbc11-talks-and-slides\/","title":{"rendered":"ISBBC11 Talks and slides"},"content":{"rendered":"<strong>Membrane Computing<\/strong>\n<ul>\n \t<li style=\"list-style-type: none;\">\n<ul>\n \t<li><a href=\"https:\/\/redbiocom.webs.upv.es\/wp-content\/uploads\/2021\/07\/ISBBC11GPaun.pdf\">Membrane computing at (more than) Twelve Years.<\/a>\u00a0(Gh. Paun,US)<\/li>\n \t<li><a href=\"https:\/\/redbiocom.webs.upv.es\/wp-content\/uploads\/2021\/07\/ISBBC11PLingua.pdf\">Introduction to P-Lingua.<\/a> (I. P\u00e9rez-Hurtado,US)<\/li>\n \t<li><a href=\"https:\/\/redbiocom.webs.upv.es\/wp-content\/uploads\/2021\/07\/ISBBC11Ecosystems.pdf\">Applications of membrane systems in population biology and ecological modelling.<\/a> (I. P\u00e9rez-Hurtado,US)<\/li>\n \t<li><a href=\"https:\/\/redbiocom.webs.upv.es\/wp-content\/uploads\/2021\/07\/ISBBC11GPGPU.pdf\">General-Purpose GPU accelerated simulation of membrane systems.<\/a> (M. Garc\u00eda-Quismondo,US)<\/li>\n<\/ul>\n<\/li>\n<\/ul>\n<strong>Networks of Bio-Inspired Processors<\/strong>\n<ul>\n \t<li style=\"list-style-type: none;\">\n<ul>\n \t<li><a href=\"https:\/\/redbiocom.webs.upv.es\/wp-content\/uploads\/2021\/07\/ISBBC11NBPs.pdf\">Networks of Bio-Inspired Processors. An Introduction.<\/a> (J. M. Sempere,UPV)<\/li>\n \t<li><a href=\"https:\/\/redbiocom.webs.upv.es\/wp-content\/uploads\/2021\/07\/ISBBC11NEPS.pdf\">Networks of Evolutionary Processors.<\/a> (A. Ortega,UAM)<\/li>\n \t<li><a href=\"https:\/\/redbiocom.webs.upv.es\/wp-content\/uploads\/2021\/07\/ISBBC11NSPs.pdf\">Networks of Splicing Processors.<\/a> (J. M. Sempere,UPV)<\/li>\n \t<li><a href=\"https:\/\/redbiocom.webs.upv.es\/wp-content\/uploads\/2021\/07\/ISBBC11NGPs.pdf\">Networks of Genetic Processors.<\/a> (J. M. Sempere,UPV)<\/li>\n<\/ul>\n<\/li>\n<\/ul>\n<strong>Systems and Synthetic Biology. DNA Computing<\/strong>\n<ul>\n \t<li style=\"list-style-type: none;\">\n<ul>\n \t<li><a href=\"https:\/\/redbiocom.webs.upv.es\/wp-content\/uploads\/2021\/07\/ISBBC11AMoya.pdf\">Natural Minimal Cells.<\/a>(A. Moya, Univ. of Valencia)<\/li>\n \t<li><a href=\"https:\/\/redbiocom.webs.upv.es\/wp-content\/uploads\/2021\/07\/ISBBC11BSintetica.pdf\">Biolog\u00eda de sistemas y Biolog\u00eda sint\u00e9tica.<\/a> (A. Rodr\u00edguez-Pat\u00f3n,UPM)<\/li>\n \t<li><a href=\"https:\/\/redbiocom.webs.upv.es\/wp-content\/uploads\/2021\/07\/ISBBCDNAComp.pdf\">Computaci\u00f3n Biomolecular basada en el ADN.<\/a>(A. Rodr\u00edguez-Pat\u00f3n,UPM)<\/li>\n<\/ul>\n<\/li>\n<\/ul>\n<!-- \/wp:post-content -->","protected":false},"excerpt":{"rendered":"<p>Membrane Computing Membrane computing at (more than) Twelve Years.\u00a0(Gh. Paun,US) Introduction to P-Lingua. (I. P\u00e9rez-Hurtado,US) Applications of membrane systems in population biology and ecological modelling. (I. P\u00e9rez-Hurtado,US) General-Purpose GPU accelerated simulation of membrane systems. (M. Garc\u00eda-Quismondo,US) Networks of Bio-Inspired Processors &hellip; <a href=\"https:\/\/redbiocom.webs.upv.es\/index.php\/isbbc11-talks-and-slides\/\">Continue reading <span class=\"meta-nav\">&rarr;<\/span><\/a><\/p>\n","protected":false},"author":1,"featured_media":0,"parent":0,"menu_order":0,"comment_status":"closed","ping_status":"closed","template":"","meta":{"footnotes":""},"class_list":["post-133","page","type-page","status-publish","hentry"],"_links":{"self":[{"href":"https:\/\/redbiocom.webs.upv.es\/index.php\/wp-json\/wp\/v2\/pages\/133","targetHints":{"allow":["GET"]}}],"collection":[{"href":"https:\/\/redbiocom.webs.upv.es\/index.php\/wp-json\/wp\/v2\/pages"}],"about":[{"href":"https:\/\/redbiocom.webs.upv.es\/index.php\/wp-json\/wp\/v2\/types\/page"}],"author":[{"embeddable":true,"href":"https:\/\/redbiocom.webs.upv.es\/index.php\/wp-json\/wp\/v2\/users\/1"}],"replies":[{"embeddable":true,"href":"https:\/\/redbiocom.webs.upv.es\/index.php\/wp-json\/wp\/v2\/comments?post=133"}],"version-history":[{"count":6,"href":"https:\/\/redbiocom.webs.upv.es\/index.php\/wp-json\/wp\/v2\/pages\/133\/revisions"}],"predecessor-version":[{"id":148,"href":"https:\/\/redbiocom.webs.upv.es\/index.php\/wp-json\/wp\/v2\/pages\/133\/revisions\/148"}],"wp:attachment":[{"href":"https:\/\/redbiocom.webs.upv.es\/index.php\/wp-json\/wp\/v2\/media?parent=133"}],"curies":[{"name":"wp","href":"https:\/\/api.w.org\/{rel}","templated":true}]}}